{"id":39,"date":"2024-07-06T09:49:27","date_gmt":"2024-07-06T09:49:27","guid":{"rendered":"https:\/\/verodent.pl\/?page_id=39"},"modified":"2024-08-30T16:46:16","modified_gmt":"2024-08-30T16:46:16","slug":"kontakt","status":"publish","type":"page","link":"http:\/\/verodent.pl\/index.php\/kontakt\/","title":{"rendered":"Kontakt"},"content":{"rendered":"\n<div class=\"section-wrapper\" data-id=\"kN1ju0\"><section class=\"wp-block-gutenverse-section guten-element guten-section guten-kN1ju0 layout-boxed align-stretch\"><div class=\"guten-container guten-column-gap-no\">\n<div class=\"wp-block-gutenverse-column guten-element guten-column guten-D7TxFh\"><div class=\"guten-column-wrapper\" data-id=\"D7TxFh\">\n<h2 class=\"wp-block-gutenverse-heading guten-element guten-uRoRMR animated guten-element-hide desktop-fadeInLeft\">Kontakt<\/h2>\n\n\n\n<div class=\"guten-element gutenverse-text-editor guten-ZYJmE3 animated guten-element-hide desktop-fadeInLeft\"><div class=\"text-content-inner\">\n<p>Serdecznie zapraszamy do kontaktu z nami! Jeste\u015bmy do Pa\u0144stwa dyspozycji w ka\u017cdej sprawie dotycz\u0105cej naszych us\u0142ug i produkt\u00f3w. Ch\u0119tnie odpowiemy na wszystkie pytania i udzielimy niezb\u0119dnych informacji.<\/p>\n<\/div><\/div>\n\n\n\n<div class=\"guten-element gutenverse-text-editor guten-Z0fG5n animated guten-element-hide desktop-fadeInLeft\"><div class=\"text-content-inner\">\n<p><\/p>\n<\/div><\/div>\n\n\n\n<div class=\"guten-element guten-icon-list guten-OjSZVI animated guten-element-hide desktop-fadeInLeft\">\n<div class=\"guten-element guten-icon-list-item guten-YfO1jy\"><a id=\"guten-YfO1jy\"><i class=\"fas fa-phone-alt\"><\/i><span class=\"list-text \">661 552 088<\/span><\/a><\/div>\n\n\n\n<div class=\"guten-element guten-icon-list-item guten-0Eew3L\"><a id=\"guten-0Eew3L\"><i class=\"fas fa-envelope\"><\/i><span class=\"list-text \">kontakt@verodent.pl<\/span><\/a><\/div>\n\n\n\n<div class=\"guten-element guten-icon-list-item guten-kV7Vr1\"><a id=\"guten-kV7Vr1\"><i class=\"fas fa-map-marker-alt\"><\/i><span class=\"list-text \">S\u0142opnice 32, 34-615 S\u0142opnice<\/span><\/a><\/div>\n<\/div>\n<\/div><\/div>\n\n\n\n<div class=\"wp-block-gutenverse-column guten-element guten-column guten-VhFGq6 animated guten-element-hide desktop-fadeInRight\"><div class=\"guten-column-wrapper\" data-id=\"VhFGq6\">\n<form style=\"display:none\" class=\"guten-element guten-form-builder guten-eYTuM9\" data-form-id=\"123\" data-hide-after=\"true\" data-redirect=\"\/\">\n<div class=\"guten-element guten-form-input-text guten-form-input guten-input-position-top guten-oL8Hgj hide-label hide-helper\"><div class=\"label-wrapper\"><\/div><div class=\"main-wrapper\"><input data-validation=\"{&quot;type&quot;:&quot;text&quot;,&quot;required&quot;:false,&quot;validationType&quot;:&quot;none&quot;,&quot;validationWarning&quot;:&quot;Input Invalid&quot;}\" placeholder=\"Imi\u0119\" name=\"input-text-name\" class=\"gutenverse-input gutenverse-input-text\" type=\"text\"\/><div class=\"validation-error\">Input Invalid<\/div><\/div><\/div>\n\n\n\n<div class=\"guten-element guten-form-input-email guten-form-input guten-input-position-top guten-WQGFmQ hide-label hide-helper\"><div class=\"label-wrapper\"><\/div><div class=\"main-wrapper\"><input data-validation=\"{&quot;type&quot;:&quot;email&quot;,&quot;required&quot;:false,&quot;validationType&quot;:&quot;none&quot;,&quot;validationWarning&quot;:&quot;Input Invalid&quot;}\" placeholder=\"Email\" name=\"input-email\" class=\"gutenverse-input gutenverse-input-email\" type=\"email\"\/><div class=\"validation-error\">Input Invalid<\/div><\/div><\/div>\n\n\n\n<div class=\"guten-element guten-form-input-text guten-form-input guten-input-position-top guten-jaCw7N hide-label hide-helper\"><div class=\"label-wrapper\"><\/div><div class=\"main-wrapper\"><input data-validation=\"{&quot;type&quot;:&quot;text&quot;,&quot;required&quot;:false,&quot;validationType&quot;:&quot;none&quot;,&quot;validationWarning&quot;:&quot;Input Invalid&quot;}\" placeholder=\"Temat\" name=\"input-text-name\" class=\"gutenverse-input gutenverse-input-text\" type=\"text\"\/><div class=\"validation-error\">Input Invalid<\/div><\/div><\/div>\n\n\n\n<div class=\"guten-element guten-form-input-textarea guten-form-input guten-input-position-top guten-QQDDhH hide-label hide-helper\"><div class=\"label-wrapper\"><\/div><div class=\"main-wrapper\"><textarea data-validation=\"{&quot;type&quot;:&quot;textarea&quot;,&quot;required&quot;:false,&quot;validationType&quot;:&quot;none&quot;,&quot;validationWarning&quot;:&quot;Input Invalid&quot;}\" placeholder=\"Wiadomo\u015b\u0107\" name=\"input-textarea\" class=\"gutenverse-input gutenverse-input-text\"><\/textarea><div class=\"validation-error\">Input Invalid<\/div><\/div><\/div>\n\n\n\n<div class=\"guten-element guten-button-wrapper guten-submit-wrapper guten-UrNkY1\"><div class=\"form-notification\"><\/div><button class=\"guten-button gutenverse-input-submit guten-button-sm\" type=\"submit\"><span>Wy\u015blij<\/span><\/button><div class=\"gutenverse-input-submit-loader\"><i class=\"fas fa-spinner fa-spin\"><\/i><\/div><\/div>\n<\/form>\n<\/div><\/div>\n<\/div><\/section><\/div>\n","protected":false},"excerpt":{"rendered":"","protected":false},"author":1,"featured_media":0,"parent":0,"menu_order":0,"comment_status":"closed","ping_status":"closed","template":"","meta":{"_uag_custom_page_level_css":"","footnotes":""},"class_list":["post-39","page","type-page","status-publish","hentry"],"uagb_featured_image_src":{"full":false,"thumbnail":false,"medium":false,"medium_large":false,"large":false,"1536x1536":false,"2048x2048":false},"uagb_author_info":{"display_name":"admin","author_link":"http:\/\/verodent.pl\/index.php\/author\/admin\/"},"uagb_comment_info":0,"uagb_excerpt":null,"_links":{"self":[{"href":"http:\/\/verodent.pl\/index.php\/wp-json\/wp\/v2\/pages\/39"}],"collection":[{"href":"http:\/\/verodent.pl\/index.php\/wp-json\/wp\/v2\/pages"}],"about":[{"href":"http:\/\/verodent.pl\/index.php\/wp-json\/wp\/v2\/types\/page"}],"author":[{"embeddable":true,"href":"http:\/\/verodent.pl\/index.php\/wp-json\/wp\/v2\/users\/1"}],"replies":[{"embeddable":true,"href":"http:\/\/verodent.pl\/index.php\/wp-json\/wp\/v2\/comments?post=39"}],"version-history":[{"count":6,"href":"http:\/\/verodent.pl\/index.php\/wp-json\/wp\/v2\/pages\/39\/revisions"}],"predecessor-version":[{"id":132,"href":"http:\/\/verodent.pl\/index.php\/wp-json\/wp\/v2\/pages\/39\/revisions\/132"}],"wp:attachment":[{"href":"http:\/\/verodent.pl\/index.php\/wp-json\/wp\/v2\/media?parent=39"}],"curies":[{"name":"wp","href":"https:\/\/api.w.org\/{rel}","templated":true}]}}